{"id":299,"date":"2024-04-05T08:47:04","date_gmt":"2024-04-05T08:47:04","guid":{"rendered":"https:\/\/demo210.super5.bg\/?post_type=product&#038;p=299"},"modified":"2024-04-14T15:21:23","modified_gmt":"2024-04-14T12:21:23","slug":"toothpaste","status":"publish","type":"product","link":"https:\/\/demo210.super5.bg\/es\/product\/toothpaste\/","title":{"rendered":"Pasta de dientes"},"content":{"rendered":"<p>Soy un p\u00e1rrafo. Puedes a\u00f1adir tu propio texto y editarme aqu\u00ed. Es muy f\u00e1cil. S\u00f3lo tienes que proporcionar texto para a\u00f1adir tu propio contenido y solicitar cambios de fuente.Si\u00e9ntete libre de completarme o eliminarme de tu p\u00e1gina. Soy un gran lugar para que cuentes una historia y dejes que tus usuarios sepan un poco m\u00e1s sobre ti.<\/p>\n<ul>\n<li>Soy un p\u00e1rrafo<\/li>\n<li>Soy un p\u00e1rrafo<\/li>\n<li>Soy un p\u00e1rrafo<\/li>\n<li>Soy un p\u00e1rrafo<\/li>\n<li>Soy un p\u00e1rrafo<\/li>\n<\/ul>\n<p>Soy un p\u00e1rrafo. Puedes a\u00f1adir tu propio texto y editarme aqu\u00ed. Es muy f\u00e1cil. S\u00f3lo tienes que proporcionar texto para a\u00f1adir tu propio contenido y solicitar cambios de fuente.Si\u00e9ntete libre de completarme o eliminarme de tu p\u00e1gina. Soy un gran lugar para que cuentes una historia y dejes que tus usuarios sepan un poco m\u00e1s sobre ti.<\/p>","protected":false},"excerpt":{"rendered":"<p>Pasta de dientes<\/p>\n<p>Soy un p\u00e1rrafo. Puedes a\u00f1adir tu propio texto y editarme aqu\u00ed. Es muy f\u00e1cil. S\u00f3lo tienes que proporcionar texto para a\u00f1adir tu propio contenido y solicitar cambios de fuente.Si\u00e9ntete libre de completarme o eliminarme de tu p\u00e1gina. Soy un gran lugar para que cuentes una historia y dejes que tus usuarios sepan un poco m\u00e1s sobre ti.<\/p>","protected":false},"featured_media":0,"comment_status":"open","ping_status":"closed","template":"","meta":[],"product_brand":[],"product_cat":[26],"product_tag":[],"class_list":{"0":"post-299","1":"product","2":"type-product","3":"status-publish","5":"product_cat-26","7":"first","8":"instock","9":"sale","10":"shipping-taxable","11":"purchasable","12":"product-type-simple"},"aioseo_notices":[],"_links":{"self":[{"href":"https:\/\/demo210.super5.bg\/es\/wp-json\/wp\/v2\/product\/299","targetHints":{"allow":["GET"]}}],"collection":[{"href":"https:\/\/demo210.super5.bg\/es\/wp-json\/wp\/v2\/product"}],"about":[{"href":"https:\/\/demo210.super5.bg\/es\/wp-json\/wp\/v2\/types\/product"}],"replies":[{"embeddable":true,"href":"https:\/\/demo210.super5.bg\/es\/wp-json\/wp\/v2\/comments?post=299"}],"wp:attachment":[{"href":"https:\/\/demo210.super5.bg\/es\/wp-json\/wp\/v2\/media?parent=299"}],"wp:term":[{"taxonomy":"product_brand","embeddable":true,"href":"https:\/\/demo210.super5.bg\/es\/wp-json\/wp\/v2\/product_brand?post=299"},{"taxonomy":"product_cat","embeddable":true,"href":"https:\/\/demo210.super5.bg\/es\/wp-json\/wp\/v2\/product_cat?post=299"},{"taxonomy":"product_tag","embeddable":true,"href":"https:\/\/demo210.super5.bg\/es\/wp-json\/wp\/v2\/product_tag?post=299"}],"curies":[{"name":"wp","href":"https:\/\/api.w.org\/{rel}","templated":true}]}}